{"id":2774,"date":"2017-09-06T17:41:32","date_gmt":"2017-09-06T17:41:32","guid":{"rendered":"https:\/\/fa-lak.hu\/en\/?page_id=2774"},"modified":"2017-09-17T17:40:49","modified_gmt":"2017-09-17T17:40:49","slug":"roof-2","status":"publish","type":"page","link":"https:\/\/fa-lak.hu\/en\/roof-2\/","title":{"rendered":"Roof Trusses"},"content":{"rendered":"<p><img loading=\"lazy\" decoding=\"async\" class=\"aligncenter size-medium wp-image-2589\" src=\"http:\/\/www.lajoie.hu\/falak\/wp-content\/uploads\/2017\/06\/szeglemezes-teto-300x284.png\" alt=\"\" width=\"300\" height=\"284\" srcset=\"https:\/\/fa-lak.hu\/wp-content\/uploads\/2017\/06\/szeglemezes-teto-300x284.png 300w, https:\/\/fa-lak.hu\/wp-content\/uploads\/2017\/06\/szeglemezes-teto.png 498w\" sizes=\"auto, (max-width: 300px) 100vw, 300px\" \/><\/p>\n<p><strong>Economy of materials<\/strong><\/p>\n<p>Economy of materials: no overhead materials contained, the constructions are proportionated statistically. Up to 40 % of the materials can be saved.<\/p>\n<p>Precision of proportion \/ size: items are manufactured in advance, in a system of pre-constructed samples. The same type of beams are of the same size. The tymp-arch (roof) constructed by the beams is regular and the roof plain is levelled.<\/p>\n<p>Roof construction with mechanic-like methods: the roofing is built up by beams with identical size which are fixed to each other and other elements with solvent bonds (bindings).<\/p>\n<p><strong>The light weight of the elements makes the construction easier.<\/strong><\/p>\n<p>Wide range of materials and types: Any type of roofing form can be built up by laminar roof beams (supporting beams). Roof types: symmetrical and asymmetrical saddle roof, hip roof, T and L conjuctions (roof), pent roof, csonka konty and manz\u00e1rd roof.<\/p>\n<p><img loading=\"lazy\" decoding=\"async\" class=\"aligncenter size-medium wp-image-2590\" src=\"http:\/\/www.lajoie.hu\/falak\/wp-content\/uploads\/2017\/06\/13-300x99.jpg\" alt=\"\" width=\"300\" height=\"99\" srcset=\"https:\/\/fa-lak.hu\/wp-content\/uploads\/2017\/06\/13-300x99.jpg 300w, https:\/\/fa-lak.hu\/wp-content\/uploads\/2017\/06\/13-768x254.jpg 768w, https:\/\/fa-lak.hu\/wp-content\/uploads\/2017\/06\/13-1024x338.jpg 1024w, https:\/\/fa-lak.hu\/wp-content\/uploads\/2017\/06\/13.jpg 1135w\" sizes=\"auto, (max-width: 300px) 100vw, 300px\" \/><\/p>\n<p>Economy: in case of housing estates, high roof built on flat roof, or in case of agricultural or industrial buildings in large size at which the construction of wooden structures requires lengthy and complicated on-site works this kind of lightweight construction is particularly fast and economical.<\/p>\n<p><img loading=\"lazy\" decoding=\"async\" class=\"aligncenter size-medium wp-image-2592\" src=\"http:\/\/www.lajoie.hu\/falak\/wp-content\/uploads\/2017\/06\/14-300x149.jpg\" alt=\"\" width=\"300\" height=\"149\" srcset=\"https:\/\/fa-lak.hu\/wp-content\/uploads\/2017\/06\/14-300x149.jpg 300w, https:\/\/fa-lak.hu\/wp-content\/uploads\/2017\/06\/14-768x381.jpg 768w, https:\/\/fa-lak.hu\/wp-content\/uploads\/2017\/06\/14-1024x507.jpg 1024w, https:\/\/fa-lak.hu\/wp-content\/uploads\/2017\/06\/14-100x50.jpg 100w, https:\/\/fa-lak.hu\/wp-content\/uploads\/2017\/06\/14.jpg 1130w\" sizes=\"auto, (max-width: 300px) 100vw, 300px\" \/><\/p>\n<p>Fa-lak k.v. Ltd. undertakes: lightweight detached houses, holiday houses or cottages, industrial and agricultural buildings; from design to turnkey solution. Building of lightweight construction on brick buildings and laminar roofing (laminars\/plates drilled in).<\/p>\n<p>&nbsp;<\/p>\n<p>&nbsp;<\/p>\n<p>&nbsp;<\/p>\n<p>&nbsp;<\/p>\n\n\t\t<style type=\"text\/css\">\n\t\t\t#gallery-1 {\n\t\t\t\tmargin: auto;\n\t\t\t}\n\t\t\t#gallery-1 .gallery-item {\n\t\t\t\tfloat: left;\n\t\t\t\tmargin-top: 10px;\n\t\t\t\ttext-align: center;\n\t\t\t\twidth: 50%;\n\t\t\t}\n\t\t\t#gallery-1 img {\n\t\t\t\tborder: 2px solid #cfcfcf;\n\t\t\t}\n\t\t\t#gallery-1 .gallery-caption {\n\t\t\t\tmargin-left: 0;\n\t\t\t}\n\t\t\t\/* see gallery_shortcode() in wp-includes\/media.php *\/\n\t\t<\/style>\n\t\t<div data-carousel-extra='{\"blog_id\":1,\"permalink\":\"https:\\\/\\\/fa-lak.hu\\\/en\\\/roof-2\\\/\",\"likes_blog_id\":false}' id='gallery-1' class='gallery galleryid-2774 gallery-columns-2 gallery-size-thumbnail'><dl class='gallery-item'>\n\t\t\t<dt class='gallery-icon landscape'>\n\t\t\t\t<a href='https:\/\/fa-lak.hu\/szeglemezes-teto\/attachment\/17\/'><img loading=\"lazy\" decoding=\"async\" width=\"150\" height=\"150\" src=\"https:\/\/fa-lak.hu\/wp-content\/uploads\/2017\/06\/17-150x150.jpg\" class=\"attachment-thumbnail size-thumbnail\" alt=\"\" data-attachment-id=\"2594\" data-orig-file=\"https:\/\/fa-lak.hu\/wp-content\/uploads\/2017\/06\/17.jpg\" data-orig-size=\"766,723\" data-comments-opened=\"0\" data-image-meta=\"{&quot;aperture&quot;:&quot;0&quot;,&quot;credit&quot;:&quot;&quot;,&quot;camera&quot;:&quot;&quot;,&quot;caption&quot;:&quot;&quot;,&quot;created_timestamp&quot;:&quot;0&quot;,&quot;copyright&quot;:&quot;&quot;,&quot;focal_length&quot;:&quot;0&quot;,&quot;iso&quot;:&quot;0&quot;,&quot;shutter_speed&quot;:&quot;0&quot;,&quot;title&quot;:&quot;&quot;,&quot;orientation&quot;:&quot;0&quot;,&quot;keywords&quot;:&quot;Array&quot;}\" data-image-title=\"17\" data-image-description=\"\" data-medium-file=\"https:\/\/fa-lak.hu\/wp-content\/uploads\/2017\/06\/17-300x283.jpg\" data-large-file=\"https:\/\/fa-lak.hu\/wp-content\/uploads\/2017\/06\/17.jpg\" \/><\/a>\n\t\t\t<\/dt><\/dl><dl class='gallery-item'>\n\t\t\t<dt class='gallery-icon landscape'>\n\t\t\t\t<a href='https:\/\/fa-lak.hu\/szeglemezes-teto\/attachment\/18\/'><img loading=\"lazy\" decoding=\"async\" width=\"150\" height=\"150\" src=\"https:\/\/fa-lak.hu\/wp-content\/uploads\/2017\/06\/18-150x150.jpg\" class=\"attachment-thumbnail size-thumbnail\" alt=\"\" data-attachment-id=\"2595\" data-orig-file=\"https:\/\/fa-lak.hu\/wp-content\/uploads\/2017\/06\/18.jpg\" data-orig-size=\"1011,784\" data-comments-opened=\"0\" data-image-meta=\"{&quot;aperture&quot;:&quot;0&quot;,&quot;credit&quot;:&quot;&quot;,&quot;camera&quot;:&quot;&quot;,&quot;caption&quot;:&quot;&quot;,&quot;created_timestamp&quot;:&quot;0&quot;,&quot;copyright&quot;:&quot;&quot;,&quot;focal_length&quot;:&quot;0&quot;,&quot;iso&quot;:&quot;0&quot;,&quot;shutter_speed&quot;:&quot;0&quot;,&quot;title&quot;:&quot;&quot;,&quot;orientation&quot;:&quot;0&quot;,&quot;keywords&quot;:&quot;Array&quot;}\" data-image-title=\"18\" data-image-description=\"\" data-medium-file=\"https:\/\/fa-lak.hu\/wp-content\/uploads\/2017\/06\/18-300x233.jpg\" data-large-file=\"https:\/\/fa-lak.hu\/wp-content\/uploads\/2017\/06\/18.jpg\" \/><\/a>\n\t\t\t<\/dt><\/dl><br style=\"clear: both\" \/>\n\t\t<\/div>\n\n<p style=\"text-align: center;\"><strong>Cs\u00fcng\u0151 eresz kik\u00e9pz\u00e9s:<\/strong><\/p>\n\n\t\t<style type=\"text\/css\">\n\t\t\t#gallery-2 {\n\t\t\t\tmargin: auto;\n\t\t\t}\n\t\t\t#gallery-2 .gallery-item {\n\t\t\t\tfloat: left;\n\t\t\t\tmargin-top: 10px;\n\t\t\t\ttext-align: center;\n\t\t\t\twidth: 33%;\n\t\t\t}\n\t\t\t#gallery-2 img {\n\t\t\t\tborder: 2px solid #cfcfcf;\n\t\t\t}\n\t\t\t#gallery-2 .gallery-caption {\n\t\t\t\tmargin-left: 0;\n\t\t\t}\n\t\t\t\/* see gallery_shortcode() in wp-includes\/media.php *\/\n\t\t<\/style>\n\t\t<div data-carousel-extra='{\"blog_id\":1,\"permalink\":\"https:\\\/\\\/fa-lak.hu\\\/en\\\/roof-2\\\/\",\"likes_blog_id\":false}' id='gallery-2' class='gallery galleryid-2774 gallery-columns-3 gallery-size-thumbnail'><dl class='gallery-item'>\n\t\t\t<dt class='gallery-icon landscape'>\n\t\t\t\t<a href='https:\/\/fa-lak.hu\/szeglemezes-teto\/attachment\/csungoeresz-21\/'><img loading=\"lazy\" decoding=\"async\" width=\"150\" height=\"150\" src=\"https:\/\/fa-lak.hu\/wp-content\/uploads\/2017\/06\/csungoeresz-21-150x150.jpg\" class=\"attachment-thumbnail size-thumbnail\" alt=\"\" data-attachment-id=\"2598\" data-orig-file=\"https:\/\/fa-lak.hu\/wp-content\/uploads\/2017\/06\/csungoeresz-21.jpg\" data-orig-size=\"1280,960\" data-comments-opened=\"0\" data-image-meta=\"{&quot;aperture&quot;:&quot;2.8&quot;,&quot;credit&quot;:&quot;&quot;,&quot;camera&quot;:&quot;DMC-LS3&quot;,&quot;caption&quot;:&quot;&quot;,&quot;created_timestamp&quot;:&quot;1383241770&quot;,&quot;copyright&quot;:&quot;&quot;,&quot;focal_length&quot;:&quot;5.8&quot;,&quot;iso&quot;:&quot;80&quot;,&quot;shutter_speed&quot;:&quot;0.005&quot;,&quot;title&quot;:&quot;&quot;,&quot;orientation&quot;:&quot;1&quot;,&quot;keywords&quot;:&quot;Array&quot;}\" data-image-title=\"csungoeresz-21\" data-image-description=\"\" data-medium-file=\"https:\/\/fa-lak.hu\/wp-content\/uploads\/2017\/06\/csungoeresz-21-300x225.jpg\" data-large-file=\"https:\/\/fa-lak.hu\/wp-content\/uploads\/2017\/06\/csungoeresz-21-1024x768.jpg\" \/><\/a>\n\t\t\t<\/dt><\/dl><dl class='gallery-item'>\n\t\t\t<dt class='gallery-icon landscape'>\n\t\t\t\t<a href='https:\/\/fa-lak.hu\/szeglemezes-teto\/attachment\/csungoeresz-3\/'><img loading=\"lazy\" decoding=\"async\" width=\"150\" height=\"150\" src=\"https:\/\/fa-lak.hu\/wp-content\/uploads\/2017\/06\/csungoeresz-3-150x150.jpg\" class=\"attachment-thumbnail size-thumbnail\" alt=\"\" data-attachment-id=\"2597\" data-orig-file=\"https:\/\/fa-lak.hu\/wp-content\/uploads\/2017\/06\/csungoeresz-3.jpg\" data-orig-size=\"1280,960\" data-comments-opened=\"0\" data-image-meta=\"{&quot;aperture&quot;:&quot;2.8&quot;,&quot;credit&quot;:&quot;&quot;,&quot;camera&quot;:&quot;DMC-LS3&quot;,&quot;caption&quot;:&quot;&quot;,&quot;created_timestamp&quot;:&quot;1358427744&quot;,&quot;copyright&quot;:&quot;&quot;,&quot;focal_length&quot;:&quot;5.8&quot;,&quot;iso&quot;:&quot;80&quot;,&quot;shutter_speed&quot;:&quot;0.04&quot;,&quot;title&quot;:&quot;&quot;,&quot;orientation&quot;:&quot;1&quot;,&quot;keywords&quot;:&quot;Array&quot;}\" data-image-title=\"csungoeresz-3\" data-image-description=\"\" data-medium-file=\"https:\/\/fa-lak.hu\/wp-content\/uploads\/2017\/06\/csungoeresz-3-300x225.jpg\" data-large-file=\"https:\/\/fa-lak.hu\/wp-content\/uploads\/2017\/06\/csungoeresz-3-1024x768.jpg\" \/><\/a>\n\t\t\t<\/dt><\/dl><dl class='gallery-item'>\n\t\t\t<dt class='gallery-icon landscape'>\n\t\t\t\t<a href='https:\/\/fa-lak.hu\/szeglemezes-teto\/attachment\/csungoeresz-1\/'><img loading=\"lazy\" decoding=\"async\" width=\"150\" height=\"150\" src=\"https:\/\/fa-lak.hu\/wp-content\/uploads\/2017\/06\/csungoeresz-1-150x150.jpg\" class=\"attachment-thumbnail size-thumbnail\" alt=\"\" data-attachment-id=\"2596\" data-orig-file=\"https:\/\/fa-lak.hu\/wp-content\/uploads\/2017\/06\/csungoeresz-1.jpg\" data-orig-size=\"1280,960\" data-comments-opened=\"0\" data-image-meta=\"{&quot;aperture&quot;:&quot;5.6&quot;,&quot;credit&quot;:&quot;&quot;,&quot;camera&quot;:&quot;DMC-LS3&quot;,&quot;caption&quot;:&quot;&quot;,&quot;created_timestamp&quot;:&quot;1219856146&quot;,&quot;copyright&quot;:&quot;&quot;,&quot;focal_length&quot;:&quot;5.8&quot;,&quot;iso&quot;:&quot;80&quot;,&quot;shutter_speed&quot;:&quot;0.002&quot;,&quot;title&quot;:&quot;&quot;,&quot;orientation&quot;:&quot;1&quot;,&quot;keywords&quot;:&quot;Array&quot;}\" data-image-title=\"csungoeresz-1\" data-image-description=\"\" data-medium-file=\"https:\/\/fa-lak.hu\/wp-content\/uploads\/2017\/06\/csungoeresz-1-300x225.jpg\" data-large-file=\"https:\/\/fa-lak.hu\/wp-content\/uploads\/2017\/06\/csungoeresz-1-1024x768.jpg\" \/><\/a>\n\t\t\t<\/dt><\/dl><br style=\"clear: both\" \/>\n\t\t<\/div>\n\n<p>&nbsp;<\/p>\n<p style=\"text-align: center;\"><strong>V\u00edzszintes dobozolt eresz kik\u00e9pz\u00e9s:<\/strong><\/p>\n\n\t\t<style type=\"text\/css\">\n\t\t\t#gallery-3 {\n\t\t\t\tmargin: auto;\n\t\t\t}\n\t\t\t#gallery-3 .gallery-item {\n\t\t\t\tfloat: left;\n\t\t\t\tmargin-top: 10px;\n\t\t\t\ttext-align: center;\n\t\t\t\twidth: 33%;\n\t\t\t}\n\t\t\t#gallery-3 img {\n\t\t\t\tborder: 2px solid #cfcfcf;\n\t\t\t}\n\t\t\t#gallery-3 .gallery-caption {\n\t\t\t\tmargin-left: 0;\n\t\t\t}\n\t\t\t\/* see gallery_shortcode() in wp-includes\/media.php *\/\n\t\t<\/style>\n\t\t<div data-carousel-extra='{\"blog_id\":1,\"permalink\":\"https:\\\/\\\/fa-lak.hu\\\/en\\\/roof-2\\\/\",\"likes_blog_id\":false}' id='gallery-3' class='gallery galleryid-2774 gallery-columns-3 gallery-size-thumbnail'><dl class='gallery-item'>\n\t\t\t<dt class='gallery-icon landscape'>\n\t\t\t\t<a href='https:\/\/fa-lak.hu\/szeglemezes-teto\/attachment\/vizszinteseresz-11\/'><img loading=\"lazy\" decoding=\"async\" width=\"150\" height=\"150\" src=\"https:\/\/fa-lak.hu\/wp-content\/uploads\/2017\/06\/vizszinteseresz-11-150x150.jpg\" class=\"attachment-thumbnail size-thumbnail\" alt=\"\" data-attachment-id=\"2599\" data-orig-file=\"https:\/\/fa-lak.hu\/wp-content\/uploads\/2017\/06\/vizszinteseresz-11.jpg\" data-orig-size=\"1280,960\" data-comments-opened=\"0\" data-image-meta=\"{&quot;aperture&quot;:&quot;5.6&quot;,&quot;credit&quot;:&quot;&quot;,&quot;camera&quot;:&quot;DMC-LS3&quot;,&quot;caption&quot;:&quot;&quot;,&quot;created_timestamp&quot;:&quot;1348843811&quot;,&quot;copyright&quot;:&quot;&quot;,&quot;focal_length&quot;:&quot;5.8&quot;,&quot;iso&quot;:&quot;80&quot;,&quot;shutter_speed&quot;:&quot;0.008&quot;,&quot;title&quot;:&quot;&quot;,&quot;orientation&quot;:&quot;1&quot;,&quot;keywords&quot;:&quot;Array&quot;}\" data-image-title=\"vizszinteseresz-11\" data-image-description=\"\" data-medium-file=\"https:\/\/fa-lak.hu\/wp-content\/uploads\/2017\/06\/vizszinteseresz-11-300x225.jpg\" data-large-file=\"https:\/\/fa-lak.hu\/wp-content\/uploads\/2017\/06\/vizszinteseresz-11-1024x768.jpg\" \/><\/a>\n\t\t\t<\/dt><\/dl><dl class='gallery-item'>\n\t\t\t<dt class='gallery-icon landscape'>\n\t\t\t\t<a href='https:\/\/fa-lak.hu\/szeglemezes-teto\/attachment\/vizszinteseresz-21\/'><img loading=\"lazy\" decoding=\"async\" width=\"150\" height=\"150\" src=\"https:\/\/fa-lak.hu\/wp-content\/uploads\/2017\/06\/vizszinteseresz-21-150x150.jpg\" class=\"attachment-thumbnail size-thumbnail\" alt=\"\" data-attachment-id=\"2600\" data-orig-file=\"https:\/\/fa-lak.hu\/wp-content\/uploads\/2017\/06\/vizszinteseresz-21.jpg\" data-orig-size=\"1280,960\" data-comments-opened=\"0\" data-image-meta=\"{&quot;aperture&quot;:&quot;5.6&quot;,&quot;credit&quot;:&quot;&quot;,&quot;camera&quot;:&quot;DMC-LS3&quot;,&quot;caption&quot;:&quot;&quot;,&quot;created_timestamp&quot;:&quot;1340196025&quot;,&quot;copyright&quot;:&quot;&quot;,&quot;focal_length&quot;:&quot;5.8&quot;,&quot;iso&quot;:&quot;80&quot;,&quot;shutter_speed&quot;:&quot;0.003125&quot;,&quot;title&quot;:&quot;&quot;,&quot;orientation&quot;:&quot;1&quot;,&quot;keywords&quot;:&quot;Array&quot;}\" data-image-title=\"vizszinteseresz-21\" data-image-description=\"\" data-medium-file=\"https:\/\/fa-lak.hu\/wp-content\/uploads\/2017\/06\/vizszinteseresz-21-300x225.jpg\" data-large-file=\"https:\/\/fa-lak.hu\/wp-content\/uploads\/2017\/06\/vizszinteseresz-21-1024x768.jpg\" \/><\/a>\n\t\t\t<\/dt><\/dl><dl class='gallery-item'>\n\t\t\t<dt class='gallery-icon landscape'>\n\t\t\t\t<a href='https:\/\/fa-lak.hu\/szeglemezes-teto\/attachment\/vizszinteseresz-31\/'><img loading=\"lazy\" decoding=\"async\" width=\"150\" height=\"150\" src=\"https:\/\/fa-lak.hu\/wp-content\/uploads\/2017\/06\/vizszinteseresz-31-150x150.jpg\" class=\"attachment-thumbnail size-thumbnail\" alt=\"\" data-attachment-id=\"2601\" data-orig-file=\"https:\/\/fa-lak.hu\/wp-content\/uploads\/2017\/06\/vizszinteseresz-31.jpg\" data-orig-size=\"1280,960\" data-comments-opened=\"0\" data-image-meta=\"{&quot;aperture&quot;:&quot;2.8&quot;,&quot;credit&quot;:&quot;&quot;,&quot;camera&quot;:&quot;DMC-LS3&quot;,&quot;caption&quot;:&quot;&quot;,&quot;created_timestamp&quot;:&quot;1228137288&quot;,&quot;copyright&quot;:&quot;&quot;,&quot;focal_length&quot;:&quot;5.8&quot;,&quot;iso&quot;:&quot;80&quot;,&quot;shutter_speed&quot;:&quot;0.0025&quot;,&quot;title&quot;:&quot;&quot;,&quot;orientation&quot;:&quot;1&quot;,&quot;keywords&quot;:&quot;Array&quot;}\" data-image-title=\"vizszinteseresz-31\" data-image-description=\"\" data-medium-file=\"https:\/\/fa-lak.hu\/wp-content\/uploads\/2017\/06\/vizszinteseresz-31-300x225.jpg\" data-large-file=\"https:\/\/fa-lak.hu\/wp-content\/uploads\/2017\/06\/vizszinteseresz-31-1024x768.jpg\" \/><\/a>\n\t\t\t<\/dt><\/dl><br style=\"clear: both\" \/>\n\t\t<\/div>\n\n","protected":false},"excerpt":{"rendered":"Economy of materials Economy of materials: no overhead materials contained, the constructions are proportionated statistically. Up to 40 % of the materials can be saved. Precision of proportion \/ size: items are manufactured in advance, in a system of pre-constructed samples. The same type of beams are of the same size. The tymp-arch (roof) constructed by the beams is regular&nbsp;<a href=\"https:\/\/fa-lak.hu\/en\/roof-2\/\" class=\"read-more\">Continue Reading<\/a>","protected":false},"author":1,"featured_media":0,"parent":0,"menu_order":0,"comment_status":"closed","ping_status":"closed","template":"","meta":{"footnotes":""},"class_list":["post-2774","page","type-page","status-publish","hentry"],"aioseo_notices":[],"_links":{"self":[{"href":"https:\/\/fa-lak.hu\/en\/wp-json\/wp\/v2\/pages\/2774","targetHints":{"allow":["GET"]}}],"collection":[{"href":"https:\/\/fa-lak.hu\/en\/wp-json\/wp\/v2\/pages"}],"about":[{"href":"https:\/\/fa-lak.hu\/en\/wp-json\/wp\/v2\/types\/page"}],"author":[{"embeddable":true,"href":"https:\/\/fa-lak.hu\/en\/wp-json\/wp\/v2\/users\/1"}],"replies":[{"embeddable":true,"href":"https:\/\/fa-lak.hu\/en\/wp-json\/wp\/v2\/comments?post=2774"}],"version-history":[{"count":0,"href":"https:\/\/fa-lak.hu\/en\/wp-json\/wp\/v2\/pages\/2774\/revisions"}],"wp:attachment":[{"href":"https:\/\/fa-lak.hu\/en\/wp-json\/wp\/v2\/media?parent=2774"}],"curies":[{"name":"wp","href":"https:\/\/api.w.org\/{rel}","templated":true}]}}