{"id":2745,"date":"2011-07-14T19:47:05","date_gmt":"2011-07-14T19:47:05","guid":{"rendered":"https:\/\/fa-lak.hu\/en\/contacts\/"},"modified":"2020-12-28T13:10:07","modified_gmt":"2020-12-28T13:10:07","slug":"contacts","status":"publish","type":"page","link":"https:\/\/fa-lak.hu\/en\/contacts\/","title":{"rendered":"Contacts"},"content":{"rendered":"<div class=\"row \">\n<div class=\"span12 \"><div class=\"google-map\"><iframe loading=\"lazy\" src=\"https:\/\/www.google.com\/maps\/embed?pb=!1m18!1m12!1m3!1d88128.6018472918!2d18.661192790176525!3d46.34917111914951!2m3!1f0!2f0!3f0!3m2!1i1024!2i768!4f13.1!3m3!1m2!1s0x4742edc6d772f51f%3A0x1300c428ea524402!2sSzeksz%C3%A1rd%2C+7100+Hungary!5e0!3m2!1sen!2sus!4v1498811341470\" frameborder=\"0\" width=\"100%\" height=\"300\" marginwidth=\"0\" marginheight=\"0\" scrolling=\"no\"><\/iframe><\/div><\/div>\n<div class=\"span4 \"><h2>Contacts<\/h2>\n<h5>Please contact us for assistance.<\/h5>\n<p>Opening hours: Monday-Friday: 7.30-17.00.<br \/>\n<address>\n<strong>Faszerkezetes H\u00e1z Kft.<br \/>\nDirector: Norbert\u00a0Kalm\u00e1r<br \/>\nHungary, 7100 Szeksz\u00e1rd.<\/strong><br \/>\nTelefon: +36 70 2 772 472<br \/>\nE-mail: <a href=\"mailto:fahaz@t-email.hu\">fahaz@t-email.hu<\/a><br \/>\nE-mail: <a href=\"mailto:fa-lak@gmail.hu\">fa-lak@gmail.hu<\/a><br \/>\n<\/address><!-- address (end) --><\/div>\n<div class=\"span8 \"><h2>Contact<\/h2>\n\n<div class=\"wpcf7 no-js\" id=\"wpcf7-f2632-o1\" lang=\"hu-HU\" dir=\"ltr\" data-wpcf7-id=\"2632\">\n<div class=\"screen-reader-response\"><p role=\"status\" aria-live=\"polite\" aria-atomic=\"true\"><\/p> <ul><\/ul><\/div>\n<form action=\"\/en\/wp-json\/wp\/v2\/pages\/2745#wpcf7-f2632-o1\" method=\"post\" class=\"wpcf7-form init\" aria-label=\"Kapcsolatfelv\u00e9teli \u0171rlap\" novalidate=\"novalidate\" data-status=\"init\">\n<fieldset class=\"hidden-fields-container\"><input type=\"hidden\" name=\"_wpcf7\" value=\"2632\" \/><input type=\"hidden\" name=\"_wpcf7_version\" value=\"6.1.4\" \/><input type=\"hidden\" name=\"_wpcf7_locale\" value=\"hu_HU\" \/><input type=\"hidden\" name=\"_wpcf7_unit_tag\" value=\"wpcf7-f2632-o1\" \/><input type=\"hidden\" name=\"_wpcf7_container_post\" value=\"0\" \/><input type=\"hidden\" name=\"_wpcf7_posted_data_hash\" value=\"\" \/><input type=\"hidden\" name=\"_wpcf7_recaptcha_response\" value=\"\" \/>\n<\/fieldset>\n<p><label> N\u00e9v (k\u00f6telez\u0151)<br \/>\n<span class=\"wpcf7-form-control-wrap\" data-name=\"your-name\"><input size=\"40\" maxlength=\"400\" class=\"wpcf7-form-control wpcf7-text wpcf7-validates-as-required\" aria-required=\"true\" aria-invalid=\"false\" value=\"\" type=\"text\" name=\"your-name\" \/><\/span> <\/label>\n<\/p>\n<p><label> Email c\u00edm (k\u00f6telez\u0151)<br \/>\n<span class=\"wpcf7-form-control-wrap\" data-name=\"your-email\"><input size=\"40\" maxlength=\"400\" class=\"wpcf7-form-control wpcf7-email wpcf7-validates-as-required wpcf7-text wpcf7-validates-as-email\" aria-required=\"true\" aria-invalid=\"false\" value=\"\" type=\"email\" name=\"your-email\" \/><\/span> <\/label>\n<\/p>\n<p><label> T\u00e1rgy<br \/>\n<span class=\"wpcf7-form-control-wrap\" data-name=\"your-subject\"><input size=\"40\" maxlength=\"400\" class=\"wpcf7-form-control wpcf7-text\" aria-invalid=\"false\" value=\"\" type=\"text\" name=\"your-subject\" \/><\/span> <\/label>\n<\/p>\n<p><label> \u00dczenet<br \/>\n<span class=\"wpcf7-form-control-wrap\" data-name=\"your-message\"><textarea cols=\"40\" rows=\"10\" maxlength=\"2000\" class=\"wpcf7-form-control wpcf7-textarea\" aria-invalid=\"false\" name=\"your-message\"><\/textarea><\/span> <\/label>\n<\/p>\n\n<p><input class=\"wpcf7-form-control wpcf7-submit has-spinner\" type=\"submit\" value=\"K\u00fcld\u00e9s\" \/>\n<\/p><div class=\"wpcf7-response-output\" aria-hidden=\"true\"><\/div>\n<\/form>\n<\/div>\n<\/div>\n<\/div><!-- .row (end) -->\n","protected":false},"excerpt":{"rendered":"","protected":false},"author":1,"featured_media":0,"parent":0,"menu_order":6,"comment_status":"closed","ping_status":"closed","template":"page-fullwidth.php","meta":{"footnotes":""},"class_list":["post-2745","page","type-page","status-publish","hentry"],"aioseo_notices":[],"_links":{"self":[{"href":"https:\/\/fa-lak.hu\/en\/wp-json\/wp\/v2\/pages\/2745","targetHints":{"allow":["GET"]}}],"collection":[{"href":"https:\/\/fa-lak.hu\/en\/wp-json\/wp\/v2\/pages"}],"about":[{"href":"https:\/\/fa-lak.hu\/en\/wp-json\/wp\/v2\/types\/page"}],"author":[{"embeddable":true,"href":"https:\/\/fa-lak.hu\/en\/wp-json\/wp\/v2\/users\/1"}],"replies":[{"embeddable":true,"href":"https:\/\/fa-lak.hu\/en\/wp-json\/wp\/v2\/comments?post=2745"}],"version-history":[{"count":0,"href":"https:\/\/fa-lak.hu\/en\/wp-json\/wp\/v2\/pages\/2745\/revisions"}],"wp:attachment":[{"href":"https:\/\/fa-lak.hu\/en\/wp-json\/wp\/v2\/media?parent=2745"}],"curies":[{"name":"wp","href":"https:\/\/api.w.org\/{rel}","templated":true}]}}