{"id":2737,"date":"2017-09-06T17:03:26","date_gmt":"2017-09-06T17:03:26","guid":{"rendered":"https:\/\/fa-lak.hu\/en\/?page_id=2737"},"modified":"2017-09-29T07:35:25","modified_gmt":"2017-09-29T07:35:25","slug":"property-selling","status":"publish","type":"page","link":"https:\/\/fa-lak.hu\/en\/property-selling\/","title":{"rendered":"Property selling"},"content":{"rendered":"<p>\u0150cs\u00e9nyben \u00faj kialak\u00edt\u00e1s\u00fa \u00e9p\u00edt\u00e9si telkeken kit\u0171n\u0151 h\u0151szigetel\u00e9s\u0171 g\u00e1z k\u00f6zponti f\u0171t\u00e9s\u0171 lak\u00f3h\u00e1zak 3-4 szob\u00e1val elad\u00f3k.<br \/>\nA lak\u00f3h\u00e1zakra CSOK ig\u00e9nyelhet\u0151.<br \/>\n\u00c1r: 24.000 000 Ft<br \/>\nIg\u00e9ny eset\u00e9n a lak\u00f3h\u00e1zakat m\u00e1s egyedi m\u00e9retben \u00e9s elrendez\u00e9sben is tervezhet\u0151k.<\/p>\n<p><a href=\"http:\/\/www.fa-lak.hu\/wp-content\/uploads\/2017\/07\/3-SZOB\u00c1S_alaprajz.jpg\"><img loading=\"lazy\" decoding=\"async\" class=\"alignnone wp-image-2201 size-medium\" src=\"http:\/\/www.fa-lak.hu\/wp-content\/uploads\/2017\/07\/3-SZOB\u00c1S_alaprajz-285x300.jpg\" alt=\"\" width=\"285\" height=\"300\" srcset=\"https:\/\/fa-lak.hu\/wp-content\/uploads\/2017\/07\/3-SZOB\u00c1S_alaprajz-285x300.jpg 285w, https:\/\/fa-lak.hu\/wp-content\/uploads\/2017\/07\/3-SZOB\u00c1S_alaprajz.jpg 570w\" sizes=\"auto, (max-width: 285px) 100vw, 285px\" \/><\/a>\u00a0 \u00a0 \u00a0<a href=\"http:\/\/www.fa-lak.hu\/wp-content\/uploads\/2017\/07\/4-SZOB\u00c1S_alaprajz.jpg\"><img loading=\"lazy\" decoding=\"async\" class=\"alignnone wp-image-2202 size-medium\" src=\"http:\/\/www.fa-lak.hu\/wp-content\/uploads\/2017\/07\/4-SZOB\u00c1S_alaprajz-284x300.jpg\" alt=\"\" width=\"284\" height=\"300\" srcset=\"https:\/\/fa-lak.hu\/wp-content\/uploads\/2017\/07\/4-SZOB\u00c1S_alaprajz-284x300.jpg 284w, https:\/\/fa-lak.hu\/wp-content\/uploads\/2017\/07\/4-SZOB\u00c1S_alaprajz.jpg 562w\" sizes=\"auto, (max-width: 284px) 100vw, 284px\" \/><\/a><\/p>\n<p>3 szob\u00e1s \u00a0 \u00a0 \u00a0 \u00a0 \u00a0 \u00a0 \u00a0 \u00a0 \u00a0 \u00a0 \u00a0 \u00a0 \u00a0 \u00a0 \u00a0 \u00a0 \u00a0 \u00a0 \u00a0 \u00a0 \u00a0 \u00a0 \u00a0 \u00a0 \u00a0 \u00a0 \u00a0 \u00a0 \u00a0 4 zob\u00e1s<\/p>\n<p>&nbsp;<\/p>\n<p><a href=\"http:\/\/www.fa-lak.hu\/wp-content\/uploads\/2017\/07\/4-L\u00e1tv\u00e1ny_F1.jpg\"><img loading=\"lazy\" decoding=\"async\" class=\"alignnone wp-image-2204\" src=\"http:\/\/www.fa-lak.hu\/wp-content\/uploads\/2017\/07\/4-L\u00e1tv\u00e1ny_F1-300x188.jpg\" alt=\"\" width=\"239\" height=\"150\" srcset=\"https:\/\/fa-lak.hu\/wp-content\/uploads\/2017\/07\/4-L\u00e1tv\u00e1ny_F1-300x188.jpg 300w, https:\/\/fa-lak.hu\/wp-content\/uploads\/2017\/07\/4-L\u00e1tv\u00e1ny_F1-768x480.jpg 768w, https:\/\/fa-lak.hu\/wp-content\/uploads\/2017\/07\/4-L\u00e1tv\u00e1ny_F1.jpg 860w\" sizes=\"auto, (max-width: 239px) 100vw, 239px\" \/><\/a>\u00a0 \u00a0\u00a0<a href=\"http:\/\/www.fa-lak.hu\/wp-content\/uploads\/2017\/07\/4-L\u00e1tv\u00e1ny_F3.jpg\"><img loading=\"lazy\" decoding=\"async\" class=\"alignnone wp-image-2206\" style=\"font-size: 12px;\" src=\"http:\/\/www.fa-lak.hu\/wp-content\/uploads\/2017\/07\/4-L\u00e1tv\u00e1ny_F3-300x154.jpg\" alt=\"\" width=\"292\" height=\"150\" srcset=\"https:\/\/fa-lak.hu\/wp-content\/uploads\/2017\/07\/4-L\u00e1tv\u00e1ny_F3-300x154.jpg 300w, https:\/\/fa-lak.hu\/wp-content\/uploads\/2017\/07\/4-L\u00e1tv\u00e1ny_F3-768x394.jpg 768w, https:\/\/fa-lak.hu\/wp-content\/uploads\/2017\/07\/4-L\u00e1tv\u00e1ny_F3-1024x526.jpg 1024w, https:\/\/fa-lak.hu\/wp-content\/uploads\/2017\/07\/4-L\u00e1tv\u00e1ny_F3-100x50.jpg 100w, https:\/\/fa-lak.hu\/wp-content\/uploads\/2017\/07\/4-L\u00e1tv\u00e1ny_F3.jpg 1052w\" sizes=\"auto, (max-width: 292px) 100vw, 292px\" \/><\/a><a href=\"http:\/\/www.fa-lak.hu\/wp-content\/uploads\/2017\/07\/4-L\u00e1tv\u00e1ny_F2.jpg\"><img loading=\"lazy\" decoding=\"async\" class=\"alignnone wp-image-2205\" src=\"http:\/\/www.fa-lak.hu\/wp-content\/uploads\/2017\/07\/4-L\u00e1tv\u00e1ny_F2-300x177.jpg\" alt=\"\" width=\"254\" height=\"150\" srcset=\"https:\/\/fa-lak.hu\/wp-content\/uploads\/2017\/07\/4-L\u00e1tv\u00e1ny_F2-300x177.jpg 300w, https:\/\/fa-lak.hu\/wp-content\/uploads\/2017\/07\/4-L\u00e1tv\u00e1ny_F2-768x453.jpg 768w, https:\/\/fa-lak.hu\/wp-content\/uploads\/2017\/07\/4-L\u00e1tv\u00e1ny_F2.jpg 918w\" sizes=\"auto, (max-width: 254px) 100vw, 254px\" \/><\/a>\u00a0 \u00a0<a href=\"http:\/\/www.fa-lak.hu\/wp-content\/uploads\/2017\/07\/4-L\u00e1tv\u00e1ny_F4.jpg\"><img loading=\"lazy\" decoding=\"async\" class=\"alignnone wp-image-2207\" style=\"font-size: 12px;\" src=\"http:\/\/www.fa-lak.hu\/wp-content\/uploads\/2017\/07\/4-L\u00e1tv\u00e1ny_F4-300x161.jpg\" alt=\"\" width=\"280\" height=\"150\" srcset=\"https:\/\/fa-lak.hu\/wp-content\/uploads\/2017\/07\/4-L\u00e1tv\u00e1ny_F4-300x161.jpg 300w, https:\/\/fa-lak.hu\/wp-content\/uploads\/2017\/07\/4-L\u00e1tv\u00e1ny_F4-768x413.jpg 768w, https:\/\/fa-lak.hu\/wp-content\/uploads\/2017\/07\/4-L\u00e1tv\u00e1ny_F4.jpg 983w\" sizes=\"auto, (max-width: 280px) 100vw, 280px\" \/><\/a><\/p>\n<p>&nbsp;<\/p>\n<p>&nbsp;<\/p>\n<p>&nbsp;<\/p>\n","protected":false},"excerpt":{"rendered":"\u0150cs\u00e9nyben \u00faj kialak\u00edt\u00e1s\u00fa \u00e9p\u00edt\u00e9si telkeken kit\u0171n\u0151 h\u0151szigetel\u00e9s\u0171 g\u00e1z k\u00f6zponti f\u0171t\u00e9s\u0171 lak\u00f3h\u00e1zak 3-4 szob\u00e1val elad\u00f3k. A lak\u00f3h\u00e1zakra CSOK ig\u00e9nyelhet\u0151. \u00c1r: 24.000 000 Ft Ig\u00e9ny eset\u00e9n a lak\u00f3h\u00e1zakat m\u00e1s egyedi m\u00e9retben \u00e9s elrendez\u00e9sben is tervezhet\u0151k. \u00a0 \u00a0 \u00a0 3 szob\u00e1s \u00a0 \u00a0 \u00a0 \u00a0 \u00a0 \u00a0 \u00a0 \u00a0 \u00a0 \u00a0 \u00a0 \u00a0 \u00a0 \u00a0 \u00a0 \u00a0 \u00a0 \u00a0 \u00a0 \u00a0 \u00a0 \u00a0&nbsp;<a href=\"https:\/\/fa-lak.hu\/en\/property-selling\/\" class=\"read-more\">Continue Reading<\/a>","protected":false},"author":1,"featured_media":0,"parent":0,"menu_order":0,"comment_status":"closed","ping_status":"closed","template":"","meta":{"footnotes":""},"class_list":["post-2737","page","type-page","status-publish","hentry"],"aioseo_notices":[],"_links":{"self":[{"href":"https:\/\/fa-lak.hu\/en\/wp-json\/wp\/v2\/pages\/2737","targetHints":{"allow":["GET"]}}],"collection":[{"href":"https:\/\/fa-lak.hu\/en\/wp-json\/wp\/v2\/pages"}],"about":[{"href":"https:\/\/fa-lak.hu\/en\/wp-json\/wp\/v2\/types\/page"}],"author":[{"embeddable":true,"href":"https:\/\/fa-lak.hu\/en\/wp-json\/wp\/v2\/users\/1"}],"replies":[{"embeddable":true,"href":"https:\/\/fa-lak.hu\/en\/wp-json\/wp\/v2\/comments?post=2737"}],"version-history":[{"count":0,"href":"https:\/\/fa-lak.hu\/en\/wp-json\/wp\/v2\/pages\/2737\/revisions"}],"wp:attachment":[{"href":"https:\/\/fa-lak.hu\/en\/wp-json\/wp\/v2\/media?parent=2737"}],"curies":[{"name":"wp","href":"https:\/\/api.w.org\/{rel}","templated":true}]}}