{"id":2719,"date":"2017-09-06T16:48:53","date_gmt":"2017-09-06T16:48:53","guid":{"rendered":"https:\/\/fa-lak.hu\/en\/?page_id=2719"},"modified":"2021-07-19T16:12:34","modified_gmt":"2021-07-19T16:12:34","slug":"joise","status":"publish","type":"page","link":"https:\/\/fa-lak.hu\/en\/joise\/","title":{"rendered":"Posi-joist"},"content":{"rendered":"<h3 style=\"text-align: center;\">MiTeK professional floor system<\/h3>\n<p><img loading=\"lazy\" decoding=\"async\" class=\"aligncenter size-medium wp-image-2614\" src=\"http:\/\/www.lajoie.hu\/falak\/wp-content\/uploads\/2017\/06\/Dia1-300x225.jpg\" alt=\"\" width=\"300\" height=\"225\" srcset=\"https:\/\/fa-lak.hu\/wp-content\/uploads\/2017\/06\/Dia1-300x225.jpg 300w, https:\/\/fa-lak.hu\/wp-content\/uploads\/2017\/06\/Dia1-768x576.jpg 768w, https:\/\/fa-lak.hu\/wp-content\/uploads\/2017\/06\/Dia1-200x150.jpg 200w, https:\/\/fa-lak.hu\/wp-content\/uploads\/2017\/06\/Dia1.jpg 960w\" sizes=\"auto, (max-width: 300px) 100vw, 300px\" \/><\/p>\n<p>We use open metal web system. Combining the benefits of sustainable, kiln-dried, stress-graded timber with the rigidity and strength of the posi-joist metal web construction, we provide lightweight floor beams, engineered to precise dimensions.<\/p>\n\n\t\t<style type=\"text\/css\">\n\t\t\t#gallery-1 {\n\t\t\t\tmargin: auto;\n\t\t\t}\n\t\t\t#gallery-1 .gallery-item {\n\t\t\t\tfloat: left;\n\t\t\t\tmargin-top: 10px;\n\t\t\t\ttext-align: center;\n\t\t\t\twidth: 50%;\n\t\t\t}\n\t\t\t#gallery-1 img {\n\t\t\t\tborder: 2px solid #cfcfcf;\n\t\t\t}\n\t\t\t#gallery-1 .gallery-caption {\n\t\t\t\tmargin-left: 0;\n\t\t\t}\n\t\t\t\/* see gallery_shortcode() in wp-includes\/media.php *\/\n\t\t<\/style>\n\t\t<div data-carousel-extra='{\"blog_id\":1,\"permalink\":\"https:\\\/\\\/fa-lak.hu\\\/en\\\/joise\\\/\",\"likes_blog_id\":false}' id='gallery-1' class='gallery galleryid-2719 gallery-columns-2 gallery-size-thumbnail'><dl class='gallery-item'>\n\t\t\t<dt class='gallery-icon landscape'>\n\t\t\t\t<a href='https:\/\/fa-lak.hu\/fodem\/attachment\/fodem-2-uj\/'><img loading=\"lazy\" decoding=\"async\" width=\"150\" height=\"150\" src=\"https:\/\/fa-lak.hu\/wp-content\/uploads\/2017\/06\/fodem-2-uj-150x150.png\" class=\"attachment-thumbnail size-thumbnail\" alt=\"\" data-attachment-id=\"2578\" data-orig-file=\"https:\/\/fa-lak.hu\/wp-content\/uploads\/2017\/06\/fodem-2-uj.png\" data-orig-size=\"410,287\" data-comments-opened=\"0\" data-image-meta=\"{&quot;aperture&quot;:&quot;0&quot;,&quot;credit&quot;:&quot;&quot;,&quot;camera&quot;:&quot;&quot;,&quot;caption&quot;:&quot;&quot;,&quot;created_timestamp&quot;:&quot;0&quot;,&quot;copyright&quot;:&quot;&quot;,&quot;focal_length&quot;:&quot;0&quot;,&quot;iso&quot;:&quot;0&quot;,&quot;shutter_speed&quot;:&quot;0&quot;,&quot;title&quot;:&quot;&quot;,&quot;orientation&quot;:&quot;0&quot;,&quot;keywords&quot;:&quot;Array&quot;}\" data-image-title=\"fodem-2-uj\" data-image-description=\"\" data-medium-file=\"https:\/\/fa-lak.hu\/wp-content\/uploads\/2017\/06\/fodem-2-uj-300x210.png\" data-large-file=\"https:\/\/fa-lak.hu\/wp-content\/uploads\/2017\/06\/fodem-2-uj.png\" \/><\/a>\n\t\t\t<\/dt><\/dl><dl class='gallery-item'>\n\t\t\t<dt class='gallery-icon landscape'>\n\t\t\t\t<a href='https:\/\/fa-lak.hu\/fodem\/attachment\/fodem-1-uj\/'><img loading=\"lazy\" decoding=\"async\" width=\"150\" height=\"150\" src=\"https:\/\/fa-lak.hu\/wp-content\/uploads\/2017\/06\/fodem-1-uj-150x150.png\" class=\"attachment-thumbnail size-thumbnail\" alt=\"\" data-attachment-id=\"2577\" data-orig-file=\"https:\/\/fa-lak.hu\/wp-content\/uploads\/2017\/06\/fodem-1-uj.png\" data-orig-size=\"410,287\" data-comments-opened=\"0\" data-image-meta=\"{&quot;aperture&quot;:&quot;0&quot;,&quot;credit&quot;:&quot;&quot;,&quot;camera&quot;:&quot;&quot;,&quot;caption&quot;:&quot;&quot;,&quot;created_timestamp&quot;:&quot;0&quot;,&quot;copyright&quot;:&quot;&quot;,&quot;focal_length&quot;:&quot;0&quot;,&quot;iso&quot;:&quot;0&quot;,&quot;shutter_speed&quot;:&quot;0&quot;,&quot;title&quot;:&quot;&quot;,&quot;orientation&quot;:&quot;0&quot;,&quot;keywords&quot;:&quot;Array&quot;}\" data-image-title=\"fodem-1-uj\" data-image-description=\"\" data-medium-file=\"https:\/\/fa-lak.hu\/wp-content\/uploads\/2017\/06\/fodem-1-uj-300x210.png\" data-large-file=\"https:\/\/fa-lak.hu\/wp-content\/uploads\/2017\/06\/fodem-1-uj.png\" \/><\/a>\n\t\t\t<\/dt><\/dl><br style=\"clear: both\" \/>\n\t\t<\/div>\n\n<p>&nbsp;<\/p>\n<p><strong>MiTeK<\/strong> metal system, always perfect connect in the timber.<\/p>\n<p>We always design the structure. Uses: \u2022 Floor system of timber frame houses \u2022 Floor system of brick or beton houses \u2022 Floor system of passive houses \u2022 Holder of beton constructions, and beton floor system \u2022 Roof construction Lightweight: \u2022 Very light the weight, but strong.<\/p>\n<p><img loading=\"lazy\" decoding=\"async\" class=\"aligncenter size-medium wp-image-2581\" src=\"http:\/\/www.lajoie.hu\/falak\/wp-content\/uploads\/2017\/06\/fodem2-300x81.png\" alt=\"\" width=\"300\" height=\"81\" srcset=\"https:\/\/fa-lak.hu\/wp-content\/uploads\/2017\/06\/fodem2-300x81.png 300w, https:\/\/fa-lak.hu\/wp-content\/uploads\/2017\/06\/fodem2.png 571w\" sizes=\"auto, (max-width: 300px) 100vw, 300px\" \/><\/p>\n<p><strong>We always design the structure. Uses:<\/strong><\/p>\n<p>\u2022 Floor system of timber frame houses<\/p>\n<p>\u2022 Floor system of brick or beton houses<\/p>\n<p>\u2022 Floor system of passive houses<\/p>\n<p>\u2022 Holder of beton constructions, and beton floor system<\/p>\n<p>\u2022 Roof construction Lightweight:<\/p>\n<p>\u2022 Very light the weight, but strong.<\/p>\n<p><img loading=\"lazy\" decoding=\"async\" class=\"aligncenter size-medium wp-image-2582\" src=\"http:\/\/www.lajoie.hu\/falak\/wp-content\/uploads\/2017\/06\/fodem3-300x135.png\" alt=\"\" width=\"300\" height=\"135\" srcset=\"https:\/\/fa-lak.hu\/wp-content\/uploads\/2017\/06\/fodem3-300x135.png 300w, https:\/\/fa-lak.hu\/wp-content\/uploads\/2017\/06\/fodem3.png 517w\" sizes=\"auto, (max-width: 300px) 100vw, 300px\" \/><\/p>\n<p>A k\u00f6nny\u0171szerkezetes f\u00f6d\u00e9mnek sz\u00e1mos el\u0151ny\u00f6s tulajdons\u00e1ga van a t\u00f6bbi f\u00f6d\u00e9m rendszerhez k\u00e9pest.<\/p>\n<p><strong>Easy to transport, because light. Fast and easy installation:<\/strong><\/p>\n<ul>\n<li>Dry building construction<\/li>\n<\/ul>\n<p><img loading=\"lazy\" decoding=\"async\" class=\"aligncenter size-medium wp-image-2583\" src=\"http:\/\/www.lajoie.hu\/falak\/wp-content\/uploads\/2017\/06\/fodem4-300x94.png\" alt=\"\" width=\"300\" height=\"94\" srcset=\"https:\/\/fa-lak.hu\/wp-content\/uploads\/2017\/06\/fodem4-300x94.png 300w, https:\/\/fa-lak.hu\/wp-content\/uploads\/2017\/06\/fodem4.png 550w\" sizes=\"auto, (max-width: 300px) 100vw, 300px\" \/><\/p>\n<pre>You can save time in installation, because no need to wait for drying.<\/pre>\n<ul>\n<li><strong>Very easy put the pipes.<\/strong><\/li>\n<\/ul>\n<p><img loading=\"lazy\" decoding=\"async\" class=\"aligncenter wp-image-2584\" src=\"http:\/\/www.lajoie.hu\/falak\/wp-content\/uploads\/2017\/06\/fodem-3-uj-300x210.png\" alt=\"\" width=\"214\" height=\"150\" srcset=\"https:\/\/fa-lak.hu\/wp-content\/uploads\/2017\/06\/fodem-3-uj-300x210.png 300w, https:\/\/fa-lak.hu\/wp-content\/uploads\/2017\/06\/fodem-3-uj.png 410w\" sizes=\"auto, (max-width: 214px) 100vw, 214px\" \/><\/p>\n<pre>Easy the installation for water pipes, air pipes and elektrict cables.<\/pre>\n<ul>\n<li><strong>You can use to all wall constructions buildings<\/strong><\/li>\n<\/ul>\n<p><img loading=\"lazy\" decoding=\"async\" class=\"aligncenter wp-image-2585\" src=\"http:\/\/www.lajoie.hu\/falak\/wp-content\/uploads\/2017\/06\/fodem7-300x210.png\" alt=\"\" width=\"215\" height=\"150\" srcset=\"https:\/\/fa-lak.hu\/wp-content\/uploads\/2017\/06\/fodem7-300x210.png 300w, https:\/\/fa-lak.hu\/wp-content\/uploads\/2017\/06\/fodem7.png 429w\" sizes=\"auto, (max-width: 215px) 100vw, 215px\" \/><\/p>\n<p>Timber frame houses. Brick, or beton houses.<\/p>\n<p><strong>Floor and roof togedher. Holder for beton floor.<\/strong><\/p>\n<p>\u2022 You can make very good insulation for floor You can to use for passive houses floor system, because the insulation very good of floor. Offers:<\/p>\n<p>\u2022 Privet houses building<\/p>\n<p>\u2022 Houses building company<\/p>\n<p>\u2022 Investor company<\/p>\n<p>\u2022 Material trader company<\/p>\n<p>We production joist, and you can to buy from 4,3 m long to 8,80 m long joist.<\/p>\n<p>If you have more enqure to floor system, or you have any quvestion please use contakt.<\/p>\n<p><strong>E-mail: <a href=\"mailto:fahaz@t-email.hu\">fahaz@t-email.hu<\/a> <\/strong><\/p>\n<p><strong>Tel: +36 70 2 772 472<\/strong><\/p>\n<p>&nbsp;<\/p>\n","protected":false},"excerpt":{"rendered":"MiTeK professional floor system We use open metal web system. Combining the benefits of sustainable, kiln-dried, stress-graded timber with the rigidity and strength of the posi-joist metal web construction, we provide lightweight floor beams, engineered to precise dimensions. &nbsp; MiTeK metal system, always perfect connect in the timber. We always design the structure. Uses: \u2022 Floor system of timber frame&nbsp;<a href=\"https:\/\/fa-lak.hu\/en\/joise\/\" class=\"read-more\">Continue Reading<\/a>","protected":false},"author":1,"featured_media":0,"parent":0,"menu_order":0,"comment_status":"closed","ping_status":"closed","template":"","meta":{"footnotes":""},"class_list":["post-2719","page","type-page","status-publish","hentry"],"aioseo_notices":[],"_links":{"self":[{"href":"https:\/\/fa-lak.hu\/en\/wp-json\/wp\/v2\/pages\/2719","targetHints":{"allow":["GET"]}}],"collection":[{"href":"https:\/\/fa-lak.hu\/en\/wp-json\/wp\/v2\/pages"}],"about":[{"href":"https:\/\/fa-lak.hu\/en\/wp-json\/wp\/v2\/types\/page"}],"author":[{"embeddable":true,"href":"https:\/\/fa-lak.hu\/en\/wp-json\/wp\/v2\/users\/1"}],"replies":[{"embeddable":true,"href":"https:\/\/fa-lak.hu\/en\/wp-json\/wp\/v2\/comments?post=2719"}],"version-history":[{"count":1,"href":"https:\/\/fa-lak.hu\/en\/wp-json\/wp\/v2\/pages\/2719\/revisions"}],"predecessor-version":[{"id":3380,"href":"https:\/\/fa-lak.hu\/en\/wp-json\/wp\/v2\/pages\/2719\/revisions\/3380"}],"wp:attachment":[{"href":"https:\/\/fa-lak.hu\/en\/wp-json\/wp\/v2\/media?parent=2719"}],"curies":[{"name":"wp","href":"https:\/\/api.w.org\/{rel}","templated":true}]}}