{"id":2710,"date":"2017-09-06T13:11:12","date_gmt":"2017-09-06T13:11:12","guid":{"rendered":"https:\/\/fa-lak.hu\/en\/?page_id=2710"},"modified":"2021-01-07T09:53:58","modified_gmt":"2021-01-07T09:53:58","slug":"fooldal","status":"publish","type":"page","link":"https:\/\/fa-lak.hu\/en\/","title":{"rendered":"Front page"},"content":{"rendered":"<div class=\"row \">\n<div class=\"span3 \"><div class=\"service-box \"><div class=\"extrabox\"><figure class=\"icon\"><strong><img decoding=\"async\" src=\"https:\/\/fa-lak.hu\/wp-content\/themes\/theme52038\/images\/icon1.png\" alt=\"\" \/><\/strong><span>1<\/span><\/figure><\/div><div class=\"service-box_body\"><h2 class=\"title\"><a href=\"http:\/\/www.fa-lak.hu\/en\/joise\/\" title=\"Floor Joist\" target=\"_self\">Floor Joist<\/a><\/h2><div class=\"service-box_txt\">planning,<br \/>\nmanufacturing<\/div><div class=\"btn-align\"><a href=\"http:\/\/www.fa-lak.hu\/en\/joise\/\" title=\"More\" class=\"btn btn-inverse btn-normal btn-primary \" target=\"_self\">More<\/a><\/div><\/div><\/div><!-- \/Service Box --><\/div>\n<div class=\"span3 \"><div class=\"service-box \"><div class=\"extrabox\"><figure class=\"icon\"><strong><img decoding=\"async\" src=\"https:\/\/fa-lak.hu\/wp-content\/themes\/theme52038\/images\/icon2.png\" alt=\"\" \/><\/strong><span>2<\/span><\/figure><\/div><div class=\"service-box_body\"><h2 class=\"title\"><a href=\"https:\/\/fa-lak.hu\/en\/roof-2\/\" title=\"Roof Trusses\" target=\"_self\">Roof Trusses<\/a><\/h2><div class=\"service-box_txt\">planning,<br \/>\nmanufacturing<\/div><div class=\"btn-align\"><a href=\"https:\/\/fa-lak.hu\/en\/roof-2\/\" title=\"More\" class=\"btn btn-inverse btn-normal btn-primary \" target=\"_self\">More<\/a><\/div><\/div><\/div><!-- \/Service Box --><\/div>\n<div class=\"span3 \"><div class=\"service-box \"><div class=\"extrabox\"><figure class=\"icon\"><strong><img decoding=\"async\" src=\"https:\/\/fa-lak.hu\/wp-content\/themes\/theme52038\/images\/icon3.png\" alt=\"\" \/><\/strong><span>3<\/span><\/figure><\/div><div class=\"service-box_body\"><h2 class=\"title\"><a href=\"http:\/\/www.fa-lak.hu\/en\/technical-desc\/\" title=\"Technical description\" target=\"_self\">Technical description<\/a><\/h2><div class=\"service-box_txt\">planning,<br \/>\nmanufacturing<\/div><div class=\"btn-align\"><a href=\"http:\/\/www.fa-lak.hu\/en\/technical-desc\/\" title=\"More\" class=\"btn btn-inverse btn-normal btn-primary \" target=\"_self\">More<\/a><\/div><\/div><\/div><!-- \/Service Box --><\/div>\n<div class=\"span3 \"><div class=\"service-box \"><div class=\"extrabox\"><figure class=\"icon\"><strong><img decoding=\"async\" src=\"https:\/\/fa-lak.hu\/wp-content\/themes\/theme52038\/images\/icon4.png\" alt=\"\" \/><\/strong><span>4<\/span><\/figure><\/div><div class=\"service-box_body\"><h2 class=\"title\"><a href=\"https:\/\/fa-lak.hu\/kulcsrakesz-haz\/\" title=\"Timber frame houseses\" target=\"_self\">Timber frame houseses<\/a><\/h2><div class=\"service-box_txt\">planning,<br \/>\nmanufacturing<\/div><div class=\"btn-align\"><a href=\"https:\/\/fa-lak.hu\/kulcsrakesz-haz\/\" title=\"More\" class=\"btn btn-inverse btn-normal btn-primary \" target=\"_self\">More<\/a><\/div><\/div><\/div><!-- \/Service Box --><\/div>\n<\/div><!-- .row (end) -->\n<h2>Our work is done<\/h2>\n<div class=\"row \">\n<div class=\"span12 \"><div class=\"carousel-wrap no_title\"><div id=\"carousel-69e767a017f7c\" class=\"es-carousel-wrapper\"><div class=\"es-carousel\"><ul class=\"es-carousel_list unstyled clearfix\"><li class=\"es-carousel_li  clearfix\"><div class=\"slidewrap\"><figure class=\"featured-thumbnail\"><img decoding=\"async\" src=\"https:\/\/fa-lak.hu\/wp-content\/uploads\/2019\/01\/P1060195-417x266.jpg\" alt=\"Kulcsrak\u00e9sz h\u00e1z\" \/><\/figure><div class=\"desc\"><a class=\"extrazoom1 thumbnail\" href=\"https:\/\/fa-lak.hu\/wp-content\/uploads\/2019\/01\/P1060195.jpg\" title=\"Kulcsrak\u00e9sz h\u00e1z\" rel=\"prettyPhoto-1188159167\"><\/a><h6><a href=\"https:\/\/fa-lak.hu\/en\/portfolio-view\/kulcsrakesz-haz-2\/\" title=\"Kulcsrak\u00e9sz h\u00e1z\"><strong>Kulcsrak\u00e9sz h\u00e1z<\/strong><span>gal\u00e9ria<\/span><\/a><\/h6><\/div><\/div><div class=\"slidewrap\"><figure class=\"featured-thumbnail\"><img decoding=\"async\" src=\"https:\/\/fa-lak.hu\/wp-content\/uploads\/2019\/01\/P1060189-417x266.jpg\" alt=\"Kulcsrak\u00e9sz h\u00e1z\" \/><\/figure><div class=\"desc\"><a class=\"extrazoom1 thumbnail\" href=\"https:\/\/fa-lak.hu\/wp-content\/uploads\/2019\/01\/P1060189.jpg\" title=\"Kulcsrak\u00e9sz h\u00e1z\" rel=\"prettyPhoto-1188159167\"><\/a><h6><a href=\"https:\/\/fa-lak.hu\/en\/portfolio-view\/kulcsrakesz-haz\/\" title=\"Kulcsrak\u00e9sz h\u00e1z\"><strong>Kulcsrak\u00e9sz h\u00e1z<\/strong><span>gal\u00e9ria<\/span><\/a><\/h6><\/div><\/div><\/li><li class=\"es-carousel_li format-standart clearfix\"><div class=\"slidewrap\"><figure class=\"featured-thumbnail\"><img decoding=\"async\" src=\"https:\/\/fa-lak.hu\/wp-content\/uploads\/2017\/08\/P1050441-417x266.jpg\" alt=\"Portfolio 1\" \/><\/figure><div class=\"desc\"><a class=\"extrazoom1 thumbnail\" href=\"https:\/\/fa-lak.hu\/wp-content\/uploads\/2017\/08\/P1050441.jpg\" title=\"Portfolio 1\" rel=\"prettyPhoto-1188159167\"><\/a><h6><a href=\"https:\/\/fa-lak.hu\/en\/portfolio-view\/portfolio-1\/\" title=\"Portfolio 1\"><strong>Kulcsrak\u00e9sz h\u00e1z<\/strong><span>gal\u00e9ria<\/span><\/a><\/h6><\/div><\/div><div class=\"slidewrap\"><figure class=\"featured-thumbnail\"><img decoding=\"async\" src=\"https:\/\/fa-lak.hu\/wp-content\/uploads\/2017\/08\/P1050509-1-417x266.jpg\" alt=\"Portfolio 2\" \/><\/figure><div class=\"desc\"><a class=\"extrazoom1 thumbnail\" href=\"https:\/\/fa-lak.hu\/wp-content\/uploads\/2017\/08\/P1050509-1.jpg\" title=\"Portfolio 2\" rel=\"prettyPhoto-1188159167\"><\/a><h6><a href=\"https:\/\/fa-lak.hu\/en\/portfolio-view\/portfolio-2\/\" title=\"Portfolio 2\"><strong>Kulcsrak\u00e9sz h\u00e1z<\/strong><span>gal\u00e9ria<\/span><\/a><\/h6><\/div><\/div><\/li><li class=\"es-carousel_li format-standart clearfix\"><div class=\"slidewrap\"><figure class=\"featured-thumbnail\"><img decoding=\"async\" src=\"https:\/\/fa-lak.hu\/wp-content\/uploads\/2017\/08\/P1050729-1-417x266.jpg\" alt=\"Kulcsrak\u00e9sz h\u00e1z 1\" \/><\/figure><div class=\"desc\"><a class=\"extrazoom1 thumbnail\" href=\"https:\/\/fa-lak.hu\/wp-content\/uploads\/2017\/08\/P1050729-1.jpg\" title=\"Kulcsrak\u00e9sz h\u00e1z 1\" rel=\"prettyPhoto-1188159167\"><\/a><h6><a href=\"https:\/\/fa-lak.hu\/en\/portfolio-view\/kulcsrakesz-haz-1\/\" title=\"Kulcsrak\u00e9sz h\u00e1z 1\"><strong>Kulcsrak\u00e9sz h\u00e1z<\/strong><span>gal\u00e9ria<\/span><\/a><\/h6><\/div><\/div><div class=\"slidewrap\"><figure class=\"featured-thumbnail\"><img decoding=\"async\" src=\"https:\/\/fa-lak.hu\/wp-content\/uploads\/2012\/06\/kh-2013-0221-417x266.jpg\" alt=\"In faucibus\" \/><\/figure><div class=\"desc\"><a class=\"extrazoom1 thumbnail\" href=\"https:\/\/fa-lak.hu\/wp-content\/uploads\/2012\/06\/kh-2013-0221.jpg\" title=\"In faucibus\" rel=\"prettyPhoto-1188159167\"><\/a><h6><a href=\"https:\/\/fa-lak.hu\/en\/portfolio-view\/in-faucibus\/\" title=\"In faucibus\"><strong>Kulcsrak\u00e9sz h\u00e1z<\/strong><span>gal\u00e9ria<\/span><\/a><\/h6><\/div><\/div><\/li><li class=\"es-carousel_li format-standart clearfix\"><div class=\"slidewrap\"><figure class=\"featured-thumbnail\"><img decoding=\"async\" src=\"https:\/\/fa-lak.hu\/wp-content\/uploads\/2017\/08\/P1040686-417x266.jpg\" alt=\"Suspendisse arcu nisl\" \/><\/figure><div class=\"desc\"><a class=\"extrazoom1 thumbnail\" href=\"https:\/\/fa-lak.hu\/wp-content\/uploads\/2017\/08\/P1040686.jpg\" title=\"Suspendisse arcu nisl\" rel=\"prettyPhoto-1188159167\"><\/a><h6><a href=\"https:\/\/fa-lak.hu\/en\/portfolio-view\/suspendisse-arcu-nisl\/\" title=\"Suspendisse arcu nisl\"><strong>Kulcsrak\u00e9sz h\u00e1z<\/strong><span>gal\u00e9ria<\/span><\/a><\/h6><\/div><\/div><div class=\"slidewrap\"><figure class=\"featured-thumbnail\"><img decoding=\"async\" src=\"https:\/\/fa-lak.hu\/wp-content\/uploads\/2017\/08\/kulcsrakesz017_5004001-417x266.jpg\" alt=\"Donec tellus leo\" \/><\/figure><div class=\"desc\"><a class=\"extrazoom1 thumbnail\" href=\"https:\/\/fa-lak.hu\/wp-content\/uploads\/2017\/08\/kulcsrakesz017_5004001.jpg\" title=\"Donec tellus leo\" rel=\"prettyPhoto-1188159167\"><\/a><h6><a href=\"https:\/\/fa-lak.hu\/en\/portfolio-view\/donec-tellus-leo\/\" title=\"Donec tellus leo\"><strong>Kulcsrak\u00e9sz h\u00e1z<\/strong><span>gal\u00e9ria<\/span><\/a><\/h6><\/div><\/div><\/li><li class=\"es-carousel_li format-standart clearfix\"><div class=\"slidewrap\"><figure class=\"featured-thumbnail\"><img decoding=\"async\" src=\"https:\/\/fa-lak.hu\/wp-content\/uploads\/2012\/04\/P1050254-417x266.jpg\" alt=\"Volutpat pellentesque\" \/><\/figure><div class=\"desc\"><a class=\"extrazoom1 thumbnail\" href=\"https:\/\/fa-lak.hu\/wp-content\/uploads\/2012\/04\/P1050254.jpg\" title=\"Volutpat pellentesque\" rel=\"prettyPhoto-1188159167\"><\/a><h6><a href=\"https:\/\/fa-lak.hu\/en\/portfolio-view\/volutpat-pellentesque\/\" title=\"Volutpat pellentesque\"><strong>F\u00f6d\u00e9m<\/strong><span>gal\u00e9ria<\/span><\/a><\/h6><\/div><\/div><div class=\"slidewrap\"><figure class=\"featured-thumbnail\"><img decoding=\"async\" src=\"https:\/\/fa-lak.hu\/wp-content\/uploads\/2017\/08\/P1050257-417x266.jpg\" alt=\"Massa felis\" \/><\/figure><div class=\"desc\"><a class=\"extrazoom1 thumbnail\" href=\"https:\/\/fa-lak.hu\/wp-content\/uploads\/2017\/08\/P1050257.jpg\" title=\"Massa felis\" rel=\"prettyPhoto-1188159167\"><\/a><h6><a href=\"https:\/\/fa-lak.hu\/en\/portfolio-view\/massa-felis\/\" title=\"Massa felis\"><strong>F\u00f6d\u00e9m<\/strong><span>gal\u00e9ria<\/span><\/a><\/h6><\/div><\/div><\/li><li class=\"es-carousel_li format-standart clearfix\"><div class=\"slidewrap\"><figure class=\"featured-thumbnail\"><img decoding=\"async\" src=\"https:\/\/fa-lak.hu\/wp-content\/uploads\/2011\/10\/P1030672-417x266.jpg\" alt=\"Tellus leo\" \/><\/figure><div class=\"desc\"><a class=\"extrazoom1 thumbnail\" href=\"https:\/\/fa-lak.hu\/wp-content\/uploads\/2011\/10\/P1030672.jpg\" title=\"Tellus leo\" rel=\"prettyPhoto-1188159167\"><\/a><h6><a href=\"https:\/\/fa-lak.hu\/en\/portfolio-view\/tellus-leo\/\" title=\"Tellus leo\"><strong>Szeglemezes tet\u0151<\/strong><span>gal\u00e9ria<\/span><\/a><\/h6><\/div><\/div><div class=\"slidewrap\"><figure class=\"featured-thumbnail\"><img decoding=\"async\" src=\"https:\/\/fa-lak.hu\/wp-content\/uploads\/2011\/10\/P1030665-417x266.jpg\" alt=\"Cras convallis\" \/><\/figure><div class=\"desc\"><a class=\"extrazoom1 thumbnail\" href=\"https:\/\/fa-lak.hu\/wp-content\/uploads\/2011\/10\/P1030665.jpg\" title=\"Cras convallis\" rel=\"prettyPhoto-1188159167\"><\/a><h6><a href=\"https:\/\/fa-lak.hu\/en\/portfolio-view\/cras-convallis\/\" title=\"Cras convallis\"><strong>Szeglemezes tet\u0151<\/strong><span>gal\u00e9ria<\/span><\/a><\/h6><\/div><\/div><\/li><\/ul><\/div><\/div><script>\n\t\t\t\tjQuery(document).ready(function(){\n\t\t\t\t\tjQuery(\"#carousel-69e767a017f7c\").elastislide({\n\t\t\t\t\t\timageW  : 417,\n\t\t\t\t\t\tminItems: 1,\n\t\t\t\t\t\tspeed   : 600,\n\t\t\t\t\t\teasing  : \"easeOutQuart\",\n\t\t\t\t\t\tmargin  : 0,\n\t\t\t\t\t\tborder  : 0\n\t\t\t\t\t});\n\t\t\t\t})<\/script><\/div><\/div>\n<\/div><!-- .row (end) -->\n<a href=\"https:\/\/fa-lak.hu\/kulcsrakesz-haz\/\" title=\"More\" class=\"btn btn-primary btn-normal btn-inline extrabutton1\" target=\"_self\">More<\/a><!-- .btn -->\n<h2>For Builders<\/h2>\n<div class=\"row \">\n<div class=\"span4 adv_style\"><p><a href=\"https:\/\/fa-lak.hu\/wp-content\/uploads\/2019\/02\/telek.png\"><img loading=\"lazy\" decoding=\"async\" class=\"extraimg1 wp-image-3048 size-full alignnone\" src=\"https:\/\/fa-lak.hu\/wp-content\/uploads\/2019\/02\/telek.png\" alt=\"\" width=\"370\" height=\"202\" srcset=\"https:\/\/fa-lak.hu\/wp-content\/uploads\/2019\/02\/telek.png 370w, https:\/\/fa-lak.hu\/wp-content\/uploads\/2019\/02\/telek-300x164.png 300w, https:\/\/fa-lak.hu\/wp-content\/uploads\/2019\/02\/telek-24x13.png 24w, https:\/\/fa-lak.hu\/wp-content\/uploads\/2019\/02\/telek-36x20.png 36w, https:\/\/fa-lak.hu\/wp-content\/uploads\/2019\/02\/telek-48x26.png 48w\" sizes=\"auto, (max-width: 370px) 100vw, 370px\" \/><\/a><\/p>\n<h3>Telek v\u00e1s\u00e1rl\u00e1s - tan\u00e1csok<\/h3>\n<p>A telek v\u00e1s\u00e1rl\u00e1s el\u0151tt k\u00e9t igen fontos k\u00e9rd\u00e9s mer\u00fclhet fent. Az egyik az, hogy a telek milyen k\u00f6zm\u0171vel ell\u00e1tott, illetve mi az, amit a telekre \u00e9p\u00edthet\u00fcnk. Azt tudni kell, hogy nem \u00e9p\u00edthet\u00fcnk b\u00e1rmit a leend\u0151 telekre, mert ezt a helyi \u00e9p\u00edt\u00e9si szab\u00e1lyzat szigor\u00faan meghat\u00e1rozza.<\/p>\n\t<a class=\"paoc-popup-click paoc-popup-cust-3098 paoc-popup-button paoc-popup-btn \" href=\"javascript:void(0);\">Read more<\/a>\r\n<\/div>\n<div class=\"span4 adv_style\"><p><img loading=\"lazy\" decoding=\"async\" class=\"extraimg1 alignnone wp-image-2015 size-full\" src=\"https:\/\/fa-lak.hu\/wp-content\/uploads\/2017\/06\/page2_img1.jpg\" alt=\"page2_img2\" width=\"370\" height=\"202\" srcset=\"https:\/\/fa-lak.hu\/wp-content\/uploads\/2017\/06\/page2_img1.jpg 370w, https:\/\/fa-lak.hu\/wp-content\/uploads\/2017\/06\/page2_img1-300x164.jpg 300w\" sizes=\"auto, (max-width: 370px) 100vw, 370px\" \/><\/p>\n<h3>Tervez\u00e9s - tan\u00e1csok<\/h3>\n<p>Miut\u00e1n rendelkez\u00e9s\u00fcnkre \u00e1ll a megfelel\u0151 telek, az els\u0151 l\u00e9p\u00e9s a tervez\u00e9si folyamattal kezd\u0151dik. A telken semmilyen \u00e9p\u00edt\u00e9si munk\u00e1t nem kezdhet\u00fcnk addig, m\u00e9g nem \u00e1ll rendelkez\u00e9s\u00fcnkre az \u00e9p\u00edt\u00e9si enged\u00e9ly. A k\u00f6zm\u0171 ki\u00e9p\u00edt\u00e9shez nem sz\u00fcks\u00e9ges \u00e9p\u00edt\u00e9si enged\u00e9ly, ez\u00e9rt ezek ki\u00e9p\u00edt\u00e9s\u00e9t elv\u00e9gezhetj\u00fck.<\/p>\n\t<a class=\"paoc-popup-click paoc-popup-cust-3096 paoc-popup-button paoc-popup-btn \" href=\"javascript:void(0);\">Read more<\/a>\r\n<\/div>\n<div class=\"span4 adv_style\"><p><img loading=\"lazy\" decoding=\"async\" class=\"extraimg1 alignnone wp-image-2016 size-full\" src=\"https:\/\/fa-lak.hu\/wp-content\/uploads\/2017\/06\/page2_img2.jpg\" alt=\"page2_img3\" width=\"370\" height=\"202\" srcset=\"https:\/\/fa-lak.hu\/wp-content\/uploads\/2017\/06\/page2_img2.jpg 370w, https:\/\/fa-lak.hu\/wp-content\/uploads\/2017\/06\/page2_img2-300x164.jpg 300w\" sizes=\"auto, (max-width: 370px) 100vw, 370px\" \/><\/p>\n<h3>Kivitelez\u00e9s - tan\u00e1csok<\/h3>\n<p>A h\u00e1z \u00e9p\u00edt\u00e9s\u00e9t, kivitelez\u00e9s\u00e9t, csak az \u00e9p\u00edt\u00e9si enged\u00e9ly birtok\u00e1ban lehet megkezdeni.<br \/>\nMagyarorsz\u00e1gon az a szeml\u00e9let \u00e1ltal\u00e1ban, az\u00e9rt akarnak k\u00f6nny\u0171szerkezetes h\u00e1zat \u00e9p\u00edteni, mert olcs\u00f3.<br \/>\nM\u00e1s orsz\u00e1gokban ez a szeml\u00e9let igen m\u00e1s.<\/p>\n\t<a class=\"paoc-popup-click paoc-popup-cust-3095 paoc-popup-button paoc-popup-btn \" href=\"javascript:void(0);\">Read more<\/a>\r\n<\/div>\n<\/div><!-- .row (end) -->\n<h2>Contacts<\/h2>\n<div class=\"row \">\n<div class=\"span3 contacts_style1\"><figure class=\"alignleft icons_contacts\"><img decoding=\"async\" src=\"https:\/\/fa-lak.hu\/wp-content\/themes\/theme52038\/images\/iconSweets\/icon_contacts1.png\" alt=\"\"><\/figure>\n<p><a href=\"#\">Hungary, Szeksz\u00e1rd<\/a><\/p><\/div>\n<div class=\"span3 contacts_style1\"><figure class=\"alignleft icons_contacts\"><img decoding=\"async\" src=\"https:\/\/fa-lak.hu\/wp-content\/themes\/theme52038\/images\/iconSweets\/icon_contacts2.png\" alt=\"\"><\/figure>\n<p><a href=\"mailto:fahaz@t-email.hu\">fahaz@t-email.hu<\/a><\/p><\/div>\n<div class=\"span3 contacts_style1\"><figure class=\"alignleft icons_contacts\"><img decoding=\"async\" src=\"https:\/\/fa-lak.hu\/wp-content\/themes\/theme52038\/images\/iconSweets\/icon_contacts3.png\" alt=\"\"><\/figure>\n<p><a href=\"#\">Tel: \u00a0+36 70 2 772 472<\/a><\/p><\/div>\n<div class=\"span3 contacts_style1\"><figure class=\"alignleft icons_contacts\"><img decoding=\"async\" src=\"https:\/\/fa-lak.hu\/wp-content\/themes\/theme52038\/images\/iconSweets\/icon_contacts2.png\" alt=\"\"><\/figure>\n<p><a href=\"mailto:fa-lak@gmail.hu\">fa-lak@gmail.hu<\/a><\/p><\/div>\n<\/div><!-- .row (end) -->\n","protected":false},"excerpt":{"rendered":"Our work is done For Builders Contacts","protected":false},"author":1,"featured_media":0,"parent":0,"menu_order":0,"comment_status":"closed","ping_status":"closed","template":"page-home.php","meta":{"footnotes":""},"class_list":["post-2710","page","type-page","status-publish","hentry"],"aioseo_notices":[],"_links":{"self":[{"href":"https:\/\/fa-lak.hu\/en\/wp-json\/wp\/v2\/pages\/2710","targetHints":{"allow":["GET"]}}],"collection":[{"href":"https:\/\/fa-lak.hu\/en\/wp-json\/wp\/v2\/pages"}],"about":[{"href":"https:\/\/fa-lak.hu\/en\/wp-json\/wp\/v2\/types\/page"}],"author":[{"embeddable":true,"href":"https:\/\/fa-lak.hu\/en\/wp-json\/wp\/v2\/users\/1"}],"replies":[{"embeddable":true,"href":"https:\/\/fa-lak.hu\/en\/wp-json\/wp\/v2\/comments?post=2710"}],"version-history":[{"count":0,"href":"https:\/\/fa-lak.hu\/en\/wp-json\/wp\/v2\/pages\/2710\/revisions"}],"wp:attachment":[{"href":"https:\/\/fa-lak.hu\/en\/wp-json\/wp\/v2\/media?parent=2710"}],"curies":[{"name":"wp","href":"https:\/\/api.w.org\/{rel}","templated":true}]}}